{"id":919,"date":"2019-10-12T18:36:04","date_gmt":"2019-10-12T16:36:04","guid":{"rendered":"https:\/\/agapesdebordeaux.org\/?post_type=product&#038;p=919"},"modified":"2023-04-18T13:16:40","modified_gmt":"2023-04-18T11:16:40","slug":"adhesion-2020-valable-pour-1-foyer","status":"publish","type":"product","link":"https:\/\/agapesdebordeaux.org\/index.php\/produit\/adhesion-2020-valable-pour-1-foyer\/","title":{"rendered":"Adh\u00e9sion 2021 <br> Valable pour 1 foyer"},"content":{"rendered":"","protected":false},"excerpt":{"rendered":"<p>Votre adh\u00e9sion individuelle prend effet imm\u00e9diatement et sera valable jusqu&rsquo;au 31\/12\/2022<\/p>\n<p>ATTENTION !! En cas de paiement par virement bancaire, le fichier t\u00e9l\u00e9chargeable ne sera accessible qu&rsquo;apr\u00e8s constatation du versement effectif de l&rsquo;argent sur les comptes bancaires de l&rsquo;association. Il vous faudra donc patienter 3-4 jours avant d&rsquo;obtenir ce code promo et passer votre commande.<\/p>\n","protected":false},"featured_media":913,"template":"","meta":[],"product_brand":[],"product_cat":[58],"product_tag":[],"class_list":{"0":"post-919","1":"product","2":"type-product","3":"status-publish","4":"has-post-thumbnail","6":"product_cat-adhesion","8":"first","9":"outofstock","10":"downloadable","11":"virtual","12":"sold-individually","13":"purchasable","14":"product-type-simple"},"_links":{"self":[{"href":"https:\/\/agapesdebordeaux.org\/index.php\/wp-json\/wp\/v2\/product\/919","targetHints":{"allow":["GET"]}}],"collection":[{"href":"https:\/\/agapesdebordeaux.org\/index.php\/wp-json\/wp\/v2\/product"}],"about":[{"href":"https:\/\/agapesdebordeaux.org\/index.php\/wp-json\/wp\/v2\/types\/product"}],"wp:featuredmedia":[{"embeddable":true,"href":"https:\/\/agapesdebordeaux.org\/index.php\/wp-json\/wp\/v2\/media\/913"}],"wp:attachment":[{"href":"https:\/\/agapesdebordeaux.org\/index.php\/wp-json\/wp\/v2\/media?parent=919"}],"wp:term":[{"taxonomy":"product_brand","embeddable":true,"href":"https:\/\/agapesdebordeaux.org\/index.php\/wp-json\/wp\/v2\/product_brand?post=919"},{"taxonomy":"product_cat","embeddable":true,"href":"https:\/\/agapesdebordeaux.org\/index.php\/wp-json\/wp\/v2\/product_cat?post=919"},{"taxonomy":"product_tag","embeddable":true,"href":"https:\/\/agapesdebordeaux.org\/index.php\/wp-json\/wp\/v2\/product_tag?post=919"}],"curies":[{"name":"wp","href":"https:\/\/api.w.org\/{rel}","templated":true}]}}