{"id":8349,"date":"2020-04-09T16:26:31","date_gmt":"2020-04-09T14:26:31","guid":{"rendered":"https:\/\/agapesdebordeaux.org\/?post_type=product&#038;p=8349"},"modified":"2025-05-23T10:33:49","modified_gmt":"2025-05-23T08:33:49","slug":"oranges-valencia-bio-caisse-de-12-kg","status":"publish","type":"product","link":"https:\/\/agapesdebordeaux.org\/index.php\/produit\/oranges-valencia-bio-caisse-de-12-kg\/","title":{"rendered":"Oranges Valencia Bio<br> Caisse de 12 kg"},"content":{"rendered":"<p>Selon la disponibilit\u00e9 la vari\u00e9t\u00e9 pourra \u00eatre Ovale, les deux sont des oranges blondes.<\/p>\n","protected":false},"excerpt":{"rendered":"<p>Oranges blondes, valencia ou ovale selon disponibilit\u00e9 au moment de la commande.<\/p>\n","protected":false},"featured_media":8350,"template":"","meta":[],"product_brand":[],"product_cat":[19],"product_tag":[20],"class_list":{"0":"post-8349","1":"product","2":"type-product","3":"status-publish","4":"has-post-thumbnail","6":"product_cat-fruit","7":"product_tag-sicile","9":"first","10":"outofstock","11":"taxable","12":"shipping-taxable","13":"purchasable","14":"product-type-simple"},"_links":{"self":[{"href":"https:\/\/agapesdebordeaux.org\/index.php\/wp-json\/wp\/v2\/product\/8349","targetHints":{"allow":["GET"]}}],"collection":[{"href":"https:\/\/agapesdebordeaux.org\/index.php\/wp-json\/wp\/v2\/product"}],"about":[{"href":"https:\/\/agapesdebordeaux.org\/index.php\/wp-json\/wp\/v2\/types\/product"}],"wp:featuredmedia":[{"embeddable":true,"href":"https:\/\/agapesdebordeaux.org\/index.php\/wp-json\/wp\/v2\/media\/8350"}],"wp:attachment":[{"href":"https:\/\/agapesdebordeaux.org\/index.php\/wp-json\/wp\/v2\/media?parent=8349"}],"wp:term":[{"taxonomy":"product_brand","embeddable":true,"href":"https:\/\/agapesdebordeaux.org\/index.php\/wp-json\/wp\/v2\/product_brand?post=8349"},{"taxonomy":"product_cat","embeddable":true,"href":"https:\/\/agapesdebordeaux.org\/index.php\/wp-json\/wp\/v2\/product_cat?post=8349"},{"taxonomy":"product_tag","embeddable":true,"href":"https:\/\/agapesdebordeaux.org\/index.php\/wp-json\/wp\/v2\/product_tag?post=8349"}],"curies":[{"name":"wp","href":"https:\/\/api.w.org\/{rel}","templated":true}]}}