{"id":8285,"date":"2020-04-08T10:58:10","date_gmt":"2020-04-08T08:58:10","guid":{"rendered":"https:\/\/agapesdebordeaux.org\/index.php\/produit\/import-placeholder-for-8253\/"},"modified":"2025-06-20T16:29:02","modified_gmt":"2025-06-20T14:29:02","slug":"sardines-de-saint-gue-a-lhuile-dolives-280-g-2","status":"publish","type":"product","link":"https:\/\/agapesdebordeaux.org\/index.php\/produit\/sardines-de-saint-gue-a-lhuile-dolives-280-g-2\/","title":{"rendered":"Sardines de \u00ab\u00a0Saint Gu\u00e9\u00a0\u00bb \u00e0 l&rsquo;huile d&rsquo;olives (280 g)"},"content":{"rendered":"<p>Sardine fra\u00eeche (84%) : Sardina pilchardus -non congel\u00e9e- origine Atlantique Nord-Est, huile d\u2019olive*, (13%), oignons*, carottes*, wakam\u00e9, sel de Gu\u00e9rande.<\/p>\n<p>*Produits issus de l\u2019agriculture biologique certifi\u00e9s par FR-BIO-09 (15%)<\/p>\n","protected":false},"excerpt":{"rendered":"<p>Sardine fra\u00eeche (84%) : Sardina pilchardus -non congel\u00e9e- origine Atlantique Nord-Est, huile d\u2019olive*, (13%), oignons*, carottes*, wakam\u00e9, sel de Gu\u00e9rande. *Produits issus de l\u2019agriculture biologique certifi\u00e9s par FR-BIO-09 (15%)<\/p>\n","protected":false},"featured_media":8240,"template":"","meta":[],"product_brand":[],"product_cat":[126,27],"product_tag":[61],"class_list":{"0":"post-8285","1":"product","2":"type-product","3":"status-publish","4":"has-post-thumbnail","6":"product_cat-bocaux","7":"product_cat-poisson","8":"product_tag-bretagne","10":"first","11":"outofstock","12":"taxable","13":"shipping-taxable","14":"purchasable","15":"product-type-simple"},"_links":{"self":[{"href":"https:\/\/agapesdebordeaux.org\/index.php\/wp-json\/wp\/v2\/product\/8285","targetHints":{"allow":["GET"]}}],"collection":[{"href":"https:\/\/agapesdebordeaux.org\/index.php\/wp-json\/wp\/v2\/product"}],"about":[{"href":"https:\/\/agapesdebordeaux.org\/index.php\/wp-json\/wp\/v2\/types\/product"}],"wp:featuredmedia":[{"embeddable":true,"href":"https:\/\/agapesdebordeaux.org\/index.php\/wp-json\/wp\/v2\/media\/8240"}],"wp:attachment":[{"href":"https:\/\/agapesdebordeaux.org\/index.php\/wp-json\/wp\/v2\/media?parent=8285"}],"wp:term":[{"taxonomy":"product_brand","embeddable":true,"href":"https:\/\/agapesdebordeaux.org\/index.php\/wp-json\/wp\/v2\/product_brand?post=8285"},{"taxonomy":"product_cat","embeddable":true,"href":"https:\/\/agapesdebordeaux.org\/index.php\/wp-json\/wp\/v2\/product_cat?post=8285"},{"taxonomy":"product_tag","embeddable":true,"href":"https:\/\/agapesdebordeaux.org\/index.php\/wp-json\/wp\/v2\/product_tag?post=8285"}],"curies":[{"name":"wp","href":"https:\/\/api.w.org\/{rel}","templated":true}]}}