{"id":14312,"date":"2024-03-02T12:18:00","date_gmt":"2024-03-02T11:18:00","guid":{"rendered":"https:\/\/agapesdebordeaux.org\/?post_type=product&#038;p=14312"},"modified":"2024-03-19T21:17:39","modified_gmt":"2024-03-19T20:17:39","slug":"miel-de-printemps-pot-de-1-kg","status":"publish","type":"product","link":"https:\/\/agapesdebordeaux.org\/index.php\/produit\/miel-de-printemps-pot-de-1-kg\/","title":{"rendered":"Miel de Printemps <br> Pot de 1 kg"},"content":{"rendered":"<p>Miel de printemps du Lot<\/p>\n","protected":false},"excerpt":{"rendered":"<p>Thierry, ancien postier et\u00a0 Ga\u00ebl, ind\u00e9pendant en formation , s&rsquo;occupent de 60 colonies \u00e0 travers <strong>les champs de lavande de Montcuq<\/strong>, les for\u00eats et les pairies de Belmontet.<\/p>\n","protected":false},"featured_media":14313,"template":"","meta":[],"product_brand":[],"product_cat":[29],"product_tag":[44],"class_list":{"0":"post-14312","1":"product","2":"type-product","3":"status-publish","4":"has-post-thumbnail","6":"product_cat-epicerie","7":"product_tag-aquitaine","9":"first","10":"outofstock","11":"taxable","12":"shipping-taxable","13":"purchasable","14":"product-type-simple"},"_links":{"self":[{"href":"https:\/\/agapesdebordeaux.org\/index.php\/wp-json\/wp\/v2\/product\/14312","targetHints":{"allow":["GET"]}}],"collection":[{"href":"https:\/\/agapesdebordeaux.org\/index.php\/wp-json\/wp\/v2\/product"}],"about":[{"href":"https:\/\/agapesdebordeaux.org\/index.php\/wp-json\/wp\/v2\/types\/product"}],"wp:featuredmedia":[{"embeddable":true,"href":"https:\/\/agapesdebordeaux.org\/index.php\/wp-json\/wp\/v2\/media\/14313"}],"wp:attachment":[{"href":"https:\/\/agapesdebordeaux.org\/index.php\/wp-json\/wp\/v2\/media?parent=14312"}],"wp:term":[{"taxonomy":"product_brand","embeddable":true,"href":"https:\/\/agapesdebordeaux.org\/index.php\/wp-json\/wp\/v2\/product_brand?post=14312"},{"taxonomy":"product_cat","embeddable":true,"href":"https:\/\/agapesdebordeaux.org\/index.php\/wp-json\/wp\/v2\/product_cat?post=14312"},{"taxonomy":"product_tag","embeddable":true,"href":"https:\/\/agapesdebordeaux.org\/index.php\/wp-json\/wp\/v2\/product_tag?post=14312"}],"curies":[{"name":"wp","href":"https:\/\/api.w.org\/{rel}","templated":true}]}}