{"id":13591,"date":"2023-10-10T15:31:59","date_gmt":"2023-10-10T13:31:59","guid":{"rendered":"https:\/\/agapesdebordeaux.org\/?post_type=product&#038;p=13591"},"modified":"2024-03-14T16:25:13","modified_gmt":"2024-03-14T15:25:13","slug":"fusilli-ble-dur-demi-completes-bio-sac-papier-de-3-kg","status":"publish","type":"product","link":"https:\/\/agapesdebordeaux.org\/index.php\/produit\/fusilli-ble-dur-demi-completes-bio-sac-papier-de-3-kg\/","title":{"rendered":"Fusilli Bl\u00e9 dur demi-compl\u00e8tes bio <br> Sac papier de 3 kg"},"content":{"rendered":"<p>P\u00e2tes fabriqu\u00e9es en Nouvelle Aquitaine, issues d&rsquo;un bl\u00e9 cultiv\u00e9 en Nouvelle Aquitaine (Vienne)<\/p>\n","protected":false},"excerpt":{"rendered":"<p>Du semi au produit, ou comment tracer un produit jusqu \u00e0 la fourchette !<\/p>\n","protected":false},"featured_media":13584,"template":"","meta":[],"product_brand":[],"product_cat":[29,123],"product_tag":[44,64],"class_list":{"0":"post-13591","1":"product","2":"type-product","3":"status-publish","4":"has-post-thumbnail","6":"product_cat-epicerie","7":"product_cat-pates","8":"product_tag-aquitaine","9":"product_tag-bio","11":"first","12":"outofstock","13":"taxable","14":"shipping-taxable","15":"purchasable","16":"product-type-simple"},"_links":{"self":[{"href":"https:\/\/agapesdebordeaux.org\/index.php\/wp-json\/wp\/v2\/product\/13591","targetHints":{"allow":["GET"]}}],"collection":[{"href":"https:\/\/agapesdebordeaux.org\/index.php\/wp-json\/wp\/v2\/product"}],"about":[{"href":"https:\/\/agapesdebordeaux.org\/index.php\/wp-json\/wp\/v2\/types\/product"}],"wp:featuredmedia":[{"embeddable":true,"href":"https:\/\/agapesdebordeaux.org\/index.php\/wp-json\/wp\/v2\/media\/13584"}],"wp:attachment":[{"href":"https:\/\/agapesdebordeaux.org\/index.php\/wp-json\/wp\/v2\/media?parent=13591"}],"wp:term":[{"taxonomy":"product_brand","embeddable":true,"href":"https:\/\/agapesdebordeaux.org\/index.php\/wp-json\/wp\/v2\/product_brand?post=13591"},{"taxonomy":"product_cat","embeddable":true,"href":"https:\/\/agapesdebordeaux.org\/index.php\/wp-json\/wp\/v2\/product_cat?post=13591"},{"taxonomy":"product_tag","embeddable":true,"href":"https:\/\/agapesdebordeaux.org\/index.php\/wp-json\/wp\/v2\/product_tag?post=13591"}],"curies":[{"name":"wp","href":"https:\/\/api.w.org\/{rel}","templated":true}]}}