{"id":13408,"date":"2023-08-25T17:54:17","date_gmt":"2023-08-25T15:54:17","guid":{"rendered":"https:\/\/agapesdebordeaux.org\/?post_type=product&#038;p=13408"},"modified":"2025-03-16T09:57:49","modified_gmt":"2025-03-16T08:57:49","slug":"mandarines-ciaculli-bio-cagette-6-kg-copie","status":"publish","type":"product","link":"https:\/\/agapesdebordeaux.org\/index.php\/produit\/mandarines-ciaculli-bio-cagette-6-kg-copie\/","title":{"rendered":"Mandarines Ciaculli bio <br> cagette 6 kg (Copie)"},"content":{"rendered":"<p>Selon les historiens, les mandarines sont cultiv\u00e9es en Chine et au Japon depuis au moins 3000 ans.<br \/>\nElles ont un parfum tr\u00e8s intense qui fait penser \u00e0 un jardin fleuri et un go\u00fbt plaisant et particulier, frais, parfois tr\u00e8s sucr\u00e9, parfois plus \u00e2pre.<br \/>\nLes mandarines contiennent des p\u00e9pins qui \u2013 contrairement \u00e0 ceux d\u2019autres agrumes \u2013 peuvent \u00eatre m\u00e2ch\u00e9s car ils ne sont pas toxiques. Ils sont m\u00eame b\u00e9n\u00e9fiques, puisqu\u2019ils apportent des vitamines. Les p\u00e9pins de mandarine sont d\u2019ailleurs utilis\u00e9s par la m\u00e9decine chinoise.<br \/>\nLa r\u00e9colte des mandarines Ciaculli est tardive, \u00e0 partir de fin janvier.<br \/>\nCette vari\u00e9t\u00e9 s&rsquo;est d\u00e9velopp\u00e9 dans la r\u00e9gion palermitaine de la \u00ab Conque d\u2019Or \u00bb, \u00e0 Ciaculli.<br \/>\nIl s\u2019agit ici d\u2019un fruit tr\u00e8s r\u00e9sistant et compact au go\u00fbt intense.<br \/>\n<u>P\u00e9riode de r\u00e9colte<\/u> : de D\u00c9CEMBRE \u00e0 AVRIL<\/p>\n","protected":false},"excerpt":{"rendered":"<p>Les mandarines contiennent des p\u00e9pins qui \u2013 contrairement \u00e0 ceux d\u2019autres agrumes \u2013 peuvent \u00eatre m\u00e2ch\u00e9s car ils ne sont pas toxiques. Ils sont m\u00eame b\u00e9n\u00e9fiques, puisqu\u2019ils apportent des vitamines.<\/p>\n","protected":false},"featured_media":5782,"template":"","meta":[],"product_brand":[],"product_cat":[19],"product_tag":[64,20],"class_list":{"0":"post-13408","1":"product","2":"type-product","3":"status-publish","4":"has-post-thumbnail","6":"product_cat-fruit","7":"product_tag-bio","8":"product_tag-sicile","10":"first","11":"outofstock","12":"taxable","13":"shipping-taxable","14":"purchasable","15":"product-type-simple"},"_links":{"self":[{"href":"https:\/\/agapesdebordeaux.org\/index.php\/wp-json\/wp\/v2\/product\/13408","targetHints":{"allow":["GET"]}}],"collection":[{"href":"https:\/\/agapesdebordeaux.org\/index.php\/wp-json\/wp\/v2\/product"}],"about":[{"href":"https:\/\/agapesdebordeaux.org\/index.php\/wp-json\/wp\/v2\/types\/product"}],"wp:featuredmedia":[{"embeddable":true,"href":"https:\/\/agapesdebordeaux.org\/index.php\/wp-json\/wp\/v2\/media\/5782"}],"wp:attachment":[{"href":"https:\/\/agapesdebordeaux.org\/index.php\/wp-json\/wp\/v2\/media?parent=13408"}],"wp:term":[{"taxonomy":"product_brand","embeddable":true,"href":"https:\/\/agapesdebordeaux.org\/index.php\/wp-json\/wp\/v2\/product_brand?post=13408"},{"taxonomy":"product_cat","embeddable":true,"href":"https:\/\/agapesdebordeaux.org\/index.php\/wp-json\/wp\/v2\/product_cat?post=13408"},{"taxonomy":"product_tag","embeddable":true,"href":"https:\/\/agapesdebordeaux.org\/index.php\/wp-json\/wp\/v2\/product_tag?post=13408"}],"curies":[{"name":"wp","href":"https:\/\/api.w.org\/{rel}","templated":true}]}}