{"id":11029,"date":"2022-04-05T08:46:26","date_gmt":"2022-04-05T06:46:26","guid":{"rendered":"https:\/\/agapesdebordeaux.org\/?post_type=product&#038;p=11029"},"modified":"2025-06-20T16:29:00","modified_gmt":"2025-06-20T14:29:00","slug":"epices-a-poissons-sachet-kraft-100-gr","status":"publish","type":"product","link":"https:\/\/agapesdebordeaux.org\/index.php\/produit\/epices-a-poissons-sachet-kraft-100-gr\/","title":{"rendered":"\u00c9pices \u00e0 Poissons <Br> sachet kraft 100 gr"},"content":{"rendered":"<div id=\"category_description_full\" class=\"unvisible rte\">\n<div id=\"category_description_full\" class=\"unvisible rte\">\n<p>Biologique comme tous les m\u00e9langes d&rsquo;\u00e9pices proven\u00e7ales d&rsquo;Aurore de Provence. Gros ou petits poissons \u2013 en bouillon, en papillote, au four, \u00e0 l\u2019eau ou \u00e0 l\u2019huile \u2013 aiment la compagnie d\u00e9licate d\u2019herbes pour parfumer leur environnement, rehausser leur go\u00fbt ou amener une note exotique.<br \/>\nMerlus, merlans, dorades, \u00e9glefins, soles, bars et thons, laissez-vous cuisiner aux \u00e9pices de Provence qui sublimeront vos chairs d\u00e9licates.<\/p>\n<p>Ingr\u00e9dients\u00a0bio : persil, fenouil, aneth, thym, basilic, thym citron, oignon, ail<\/p>\n<\/div>\n<\/div>\n","protected":false},"excerpt":{"rendered":"<p>Biologique comme tous les m\u00e9langes d&rsquo;\u00e9pices proven\u00e7ales d&rsquo;Aurore de Provence. Gros ou petits poissons \u2013 en bouillon, en papillote, au four, \u00e0 l\u2019eau ou \u00e0 l\u2019huile \u2013 aiment la compagnie d\u00e9licate d\u2019herbes pour parfumer leur environnement, rehausser leur go\u00fbt ou amener une note exotique. Merlus, merlans, dorades, \u00e9glefins, soles, bars et thons, laissez-vous cuisiner aux \u00e9pices de Provence qui sublimeront vos chairs d\u00e9licates. Ingr\u00e9dients\u00a0bio : persil, fenouil, aneth, thym, basilic, thym citron, oignon, ail<\/p>\n","protected":false},"featured_media":11027,"template":"","meta":[],"product_brand":[],"product_cat":[126,29,60,27],"product_tag":[64,69],"class_list":{"0":"post-11029","1":"product","2":"type-product","3":"status-publish","4":"has-post-thumbnail","6":"product_cat-bocaux","7":"product_cat-epicerie","8":"product_cat-pizza","9":"product_cat-poisson","10":"product_tag-bio","11":"product_tag-drome","13":"first","14":"outofstock","15":"taxable","16":"shipping-taxable","17":"purchasable","18":"product-type-simple"},"_links":{"self":[{"href":"https:\/\/agapesdebordeaux.org\/index.php\/wp-json\/wp\/v2\/product\/11029","targetHints":{"allow":["GET"]}}],"collection":[{"href":"https:\/\/agapesdebordeaux.org\/index.php\/wp-json\/wp\/v2\/product"}],"about":[{"href":"https:\/\/agapesdebordeaux.org\/index.php\/wp-json\/wp\/v2\/types\/product"}],"wp:featuredmedia":[{"embeddable":true,"href":"https:\/\/agapesdebordeaux.org\/index.php\/wp-json\/wp\/v2\/media\/11027"}],"wp:attachment":[{"href":"https:\/\/agapesdebordeaux.org\/index.php\/wp-json\/wp\/v2\/media?parent=11029"}],"wp:term":[{"taxonomy":"product_brand","embeddable":true,"href":"https:\/\/agapesdebordeaux.org\/index.php\/wp-json\/wp\/v2\/product_brand?post=11029"},{"taxonomy":"product_cat","embeddable":true,"href":"https:\/\/agapesdebordeaux.org\/index.php\/wp-json\/wp\/v2\/product_cat?post=11029"},{"taxonomy":"product_tag","embeddable":true,"href":"https:\/\/agapesdebordeaux.org\/index.php\/wp-json\/wp\/v2\/product_tag?post=11029"}],"curies":[{"name":"wp","href":"https:\/\/api.w.org\/{rel}","templated":true}]}}