{"id":482,"date":"2019-10-07T12:45:12","date_gmt":"2019-10-07T10:45:12","guid":{"rendered":"https:\/\/agapesdebordeaux.org\/?page_id=482"},"modified":"2025-05-10T16:47:41","modified_gmt":"2025-05-10T14:47:41","slug":"calentrier-2","status":"publish","type":"page","link":"https:\/\/agapesdebordeaux.org\/index.php\/calentrier-2\/","title":{"rendered":"Agendas Annuels"},"content":{"rendered":"\n<h2 class=\"wp-block-heading\">Calendrier disponibilit\u00e9 fruits Sicile<\/h2>\n\n\n<div class=\"wp-block-image\">\n<figure class=\"aligncenter size-large is-resized\"><img loading=\"lazy\" decoding=\"async\" src=\"https:\/\/agapesdebordeaux.org\/wp-content\/uploads\/2023\/02\/Calendrier-Agrumes-1024x558.png\" alt=\"\" class=\"wp-image-12281\" style=\"width:717px;height:391px\" width=\"717\" height=\"391\" srcset=\"https:\/\/agapesdebordeaux.org\/wp-content\/uploads\/2023\/02\/Calendrier-Agrumes-1024x558.png 1024w, https:\/\/agapesdebordeaux.org\/wp-content\/uploads\/2023\/02\/Calendrier-Agrumes-300x163.png 300w, https:\/\/agapesdebordeaux.org\/wp-content\/uploads\/2023\/02\/Calendrier-Agrumes-768x418.png 768w, https:\/\/agapesdebordeaux.org\/wp-content\/uploads\/2023\/02\/Calendrier-Agrumes-1536x836.png 1536w, https:\/\/agapesdebordeaux.org\/wp-content\/uploads\/2023\/02\/Calendrier-Agrumes-2048x1115.png 2048w, https:\/\/agapesdebordeaux.org\/wp-content\/uploads\/2023\/02\/Calendrier-Agrumes-1320x719.png 1320w\" sizes=\"auto, (max-width: 717px) 100vw, 717px\" \/><\/figure>\n<\/div>\n\n\n<div style=\"height:34px\" aria-hidden=\"true\" class=\"wp-block-spacer\"><\/div>\n\n\n\n<h2 class=\"wp-block-heading\">Agenda des commandes &#8211; AMAPs &amp; Groupes Citoyens<\/h2>\n\n\n\n<figure class=\"wp-block-table is-style-stripes\"><table class=\"has-background\" style=\"background-color:#8dd2fc8f\"><thead><tr><th><strong>Saison<\/strong><br> 23\/<strong>24<\/strong><\/th><th>\u231a\ufe0f<strong>Start CMDE<\/strong><\/th><th>\u2714\ufe0f<strong>Cl\u00f4ture<\/strong> \ud83e\uddc0parmesan<\/th><th>\u2714\ufe0f<strong>Cl\u00f4ture<\/strong> \ud83c\udf4a \ud83c\udf4b<\/th><th>\ud83d\ude9a<strong>Livraison<\/strong><\/th><th class=\"has-text-align-left\" data-align=\"left\"><strong>Origine<\/strong><\/th><\/tr><\/thead><tbody><tr><td>CMD01<\/td><td>28 d\u00e9cembre 2023<\/td><td>6 janvier 2024<\/td><td>13 janvier 2024<\/td><td>30 janvier 2024<br> au 01 f\u00e9vrier 2024<\/td><td class=\"has-text-align-left\" data-align=\"left\">Sicile, Italie, Espagne, <\/td><\/tr><tr><td>CMD02<br>PRO<\/td><td>1 f\u00e9vrier 2024<\/td><td><\/td><td>10 f\u00e9vrier 2024<\/td><td>27-29 f\u00e9vrier 2024<\/td><td class=\"has-text-align-left\" data-align=\"left\">Sicile, Italie, Espagne,<br>Nouvelle Aquitaine<\/td><\/tr><tr><td>CMD03<\/td><td>1 mars 2024<\/td><td>8 mars 2024<\/td><td>16 mars 2024<\/td><td>02-04 avril 2024<\/td><td class=\"has-text-align-left\" data-align=\"left\">Sicile, Italie, Espagne,<br>Bretagne<\/td><\/tr><tr><td>CMD04<br>PRO<\/td><td>29 mars 2024<\/td><td><\/td><td>13 avril 2024<\/td><td>30 avril 2024<br>02 mai 2024<\/td><td class=\"has-text-align-left\" data-align=\"left\">Sicile, Italie, Espagne,<br>Nouvelle Aquitaine<\/td><\/tr><tr><td>CMD05<\/td><td>13 avril 2024<\/td><td>20 avril 2024<\/td><td>27 avril 2024<\/td><td>14-16 mai 2024<\/td><td class=\"has-text-align-left\" data-align=\"left\">Sicile, Italie, Espagne,<br>Nouvelle Aquitaine<\/td><\/tr><tr><td>CMD06<br><\/td><td>10 mai 2024<\/td><td>17 mai 2024<\/td><td>25 mai 2024<\/td><td>11-13 juin 2024<\/td><td class=\"has-text-align-left\" data-align=\"left\">Sicile, Italie, Espagne,<br>Nouvelle Aquitaine<\/td><\/tr><tr><td><strong><em>Ann\u00e9<\/em>e<\/strong><\/td><td><strong>2023<\/strong><\/td><td><strong><em>Second semestre<\/em><\/strong><\/td><td><\/td><td><\/td><td class=\"has-text-align-left\" data-align=\"left\"><\/td><\/tr><tr><td>CMD06<\/td><td>22 ao\u00fbt 2023<\/td><td>04 septembre 2023<\/td><td>4 septembre 2023 (Italie sous r\u00e9serve produits)\/ 10 septembre (Espagne)<\/td><td>19-21 septembre 2023<\/td><td class=\"has-text-align-left\" data-align=\"left\">Italie, Espagne, <br>Nouvelle Aquitaine<\/td><\/tr><tr><td>CMD07<br>Pro<\/td><td>16 septembre 2023<\/td><td><\/td><td>01 octobre 2023<\/td><td>17-19 octobre 2023<\/td><td class=\"has-text-align-left\" data-align=\"left\">Sicile, Italie, Espagne, <br>Nouvelle Aquitaine<\/td><\/tr><tr><td>CMD08<\/td><td>14 octobre 2023<\/td><td>21 octobre 2023<\/td><td>05 novembre 2023<\/td><td>21 -23 novembre<br>2023<\/td><td class=\"has-text-align-left\" data-align=\"left\">Sicile, Italie, Espagne, <br>Nouvelle Aquitaine<\/td><\/tr><\/tbody><\/table><\/figure>\n\n\n\n<p>Sicile :         Agrumes (voir calendrier des disponibilit\u00e9s) \/ \u00e9piceries fines &amp; conserves (toute l&rsquo;ann\u00e9e) <br>Espagne :   Avocats &amp; huile d&rsquo;olives  [toute l&rsquo;ann\u00e9e]  \/ Cl\u00e9mentines (juin) \/ fruit de la passion (septembre) <br>Figues Col de Dame (Dec-Avril)<br>Bretagne :  conserves de poissons<br>Italie :          parmesan (toute l&rsquo;ann\u00e9e)<br>Nouvelle Aquitaine : Pesto, Farines bl\u00e9s anciens, pois chiches, Huiles de tournesol, Fromages, noix, converses p\u00e2t\u00e9 &amp; confits canards ESAT<br>Occitanie :   Riz<br>Auvergne : Rh\u00f4ne-Alpes : Herbes de Provence<\/p>\n\n\n\n<div style=\"height:33px\" aria-hidden=\"true\" class=\"wp-block-spacer\"><\/div>\n\n\n\n<h2 class=\"wp-block-heading\">Agenda pour les collectivit\u00e9s \/ professionnels \/ p\u00e9pini\u00e8res et h\u00f4tels d&rsquo;entreprises<\/h2>\n\n\n\n<figure class=\"wp-block-table is-style-stripes\"><table class=\"has-background\" style=\"background-color:#fcb90059\"><thead><tr><th><strong>Saison 2022 &#8211; 2023<\/strong><\/th><th>\u231a\ufe0f<strong>Start CMDE<\/strong><\/th><th>\u2714\ufe0f<strong>Cl\u00f4ture<\/strong> \ud83e\uddc0parmesan<\/th><th>\u2714\ufe0f<strong>Cl\u00f4ture<\/strong> \ud83c\udf4a \ud83c\udf4b<\/th><th>\ud83d\ude9a<strong>Livraison<\/strong><\/th><th class=\"has-text-align-left\" data-align=\"left\"><strong>Origine<\/strong><\/th><\/tr><\/thead><tbody><tr><td>CMD01<\/td><td>3 d\u00e9cembre 2022<\/td><td>16 d\u00e9cembre 2022<\/td><td>27 d\u00e9cembre 2022<\/td><td>10-12 janvier 2023<\/td><td class=\"has-text-align-left\" data-align=\"left\">Sicile, Italie, Espagne, <\/td><\/tr><tr><td>CMD02<\/td><td>07 janvier 2023<\/td><td>N\/A<\/td><td>24 janvier 2023<\/td><td>7-9 f\u00e9vrier 2023<\/td><td class=\"has-text-align-left\" data-align=\"left\">Sicile<\/td><\/tr><tr><td>CMD03<\/td><td>3 f\u00e9vrier 20223<\/td><td>20 fevrier 2023<\/td><td>28 f\u00e9vrier 2023<\/td><td>14-16 mars 2023<\/td><td class=\"has-text-align-left\" data-align=\"left\">Sicile, Italie, Espagne,<br>Nouvelle Aquitaine<\/td><\/tr><tr><td>CMD04<\/td><td>17 mars 2023<\/td><td>N\/A<\/td><td>04 avril 2023<\/td><td>18-20 avril 2023<\/td><td class=\"has-text-align-left\" data-align=\"left\">Sicile<\/td><\/tr><tr><td>CMD05<\/td><td>17 avril 2023<\/td><td>1 mai 2023<\/td><td>06 mai 2023<\/td><td>23-25 mai 2023<\/td><td class=\"has-text-align-left\" data-align=\"left\">Sicile, Italie, Espagne,<br>Bretagne<\/td><\/tr><tr><td>CMD06<\/td><td>09 mai 2023<\/td><td>22 mai 2023<\/td><td>26 mai 2023<\/td><td>13-15 juin<\/td><td class=\"has-text-align-left\" data-align=\"left\">Sicile, Itali, Espagne,<br>Nouvelle Aquitaine<\/td><\/tr><tr><td>CMD07<\/td><td>22 ao\u00fbt 2023<\/td><td>05 septembre 2023<\/td><td>10 septembre 2023<\/td><td>27-29 septembre 2023<\/td><td class=\"has-text-align-left\" data-align=\"left\">Sicile, Italie, Espagne, <br>Nouvelle Aquitaine<\/td><\/tr><tr><td>CMD08<\/td><td>05 septembre<\/td><td>19 septembre 2023<\/td><td>26 septembre 2023<\/td><td>2-3 novembre 2023<\/td><td class=\"has-text-align-left\" data-align=\"left\">Sicile, Italie, Espagne, <br>Nouvelle Aquitaine<\/td><\/tr><tr><td>CMD09<\/td><td>21 octobre 2023<\/td><td>7 novembre 2023<\/td><td>14 novembre 2023<\/td><td>29-31 novembre 2023<\/td><td class=\"has-text-align-left\" data-align=\"left\">Sicile, Italie, Espagne, <br>Nouvelle Aquitaine<\/td><\/tr><\/tbody><\/table><\/figure>\n\n\n\n<p>Sicile :         Agrumes (voir calendrier) \/ \u00e9piceries fines &amp; conserves (toute l&rsquo;ann\u00e9e) <br>Espagne :   Avocats &amp; huile d&rsquo;olives  [toute l&rsquo;ann\u00e9e]  \/ Figues Col de Dame (Dec-Avril)<br>Bretagne :  conserves de poissons<br>Italie :          parmesan (toute l&rsquo;ann\u00e9e)<br>Nouvelle Aquitaine : Pesto, Farines bl\u00e9s anciens, pois chiches, Huiles de tournesol, Fromages, noix, converses p\u00e2t\u00e9 &amp; confits canards ESAT<br>Occitanie :   Riz<br>Auvergne : Rh\u00f4ne-Alpes : Herbes de provence<\/p>\n","protected":false},"excerpt":{"rendered":"<p>Calendrier disponibilit\u00e9 fruits Sicile Agenda des commandes &#8211; AMAPs &amp; Groupes Citoyens Saison 23\/24 \u231a\ufe0fStart CMDE \u2714\ufe0fCl\u00f4ture \ud83e\uddc0parmesan \u2714\ufe0fCl\u00f4ture \ud83c\udf4a \ud83c\udf4b \ud83d\ude9aLivraison Origine CMD01 28 d\u00e9cembre 2023 6 janvier 2024 13 janvier 2024 30 janvier 2024 au 01 f\u00e9vrier 2024 Sicile, Italie, Espagne, CMD02PRO 1 f\u00e9vrier 2024 10 f\u00e9vrier 2024 27-29 f\u00e9vrier 2024 Sicile, Italie, Espagne,Nouvelle Aquitaine CMD03 1 mars 2024 8 mars 2024 16 mars 2024 02-04 avril 2024 Sicile, Italie, Espagne,Bretagne CMD04PRO 29 mars 2024 13 avril 2024 30 avril 202402 mai 2024 Sicile, Italie, Espagne,Nouvelle Aquitaine CMD05 13 avril 2024 20 avril 2024 27 avril 2024 14-16 mai 2024 Sicile, Italie, Espagne,Nouvelle Aquitaine CMD06 10 mai 2024&hellip; <a class=\"read-more\" href=\"https:\/\/agapesdebordeaux.org\/index.php\/calentrier-2\/\">Montrer plus<\/a><\/p>\n","protected":false},"author":1,"featured_media":0,"parent":0,"menu_order":0,"comment_status":"closed","ping_status":"closed","template":"","meta":{"footnotes":""},"class_list":["post-482","page","type-page","status-publish","hentry"],"_links":{"self":[{"href":"https:\/\/agapesdebordeaux.org\/index.php\/wp-json\/wp\/v2\/pages\/482","targetHints":{"allow":["GET"]}}],"collection":[{"href":"https:\/\/agapesdebordeaux.org\/index.php\/wp-json\/wp\/v2\/pages"}],"about":[{"href":"https:\/\/agapesdebordeaux.org\/index.php\/wp-json\/wp\/v2\/types\/page"}],"author":[{"embeddable":true,"href":"https:\/\/agapesdebordeaux.org\/index.php\/wp-json\/wp\/v2\/users\/1"}],"replies":[{"embeddable":true,"href":"https:\/\/agapesdebordeaux.org\/index.php\/wp-json\/wp\/v2\/comments?post=482"}],"version-history":[{"count":0,"href":"https:\/\/agapesdebordeaux.org\/index.php\/wp-json\/wp\/v2\/pages\/482\/revisions"}],"wp:attachment":[{"href":"https:\/\/agapesdebordeaux.org\/index.php\/wp-json\/wp\/v2\/media?parent=482"}],"curies":[{"name":"wp","href":"https:\/\/api.w.org\/{rel}","templated":true}]}}