{"id":13357,"date":"2023-08-08T13:10:54","date_gmt":"2023-08-08T11:10:54","guid":{"rendered":"https:\/\/agapesdebordeaux.org\/?page_id=13357"},"modified":"2025-05-10T16:47:41","modified_gmt":"2025-05-10T14:47:41","slug":"blog","status":"publish","type":"page","link":"https:\/\/agapesdebordeaux.org\/index.php\/blog\/","title":{"rendered":"Blog"},"content":{"rendered":"\n<div class=\"wp-block-columns is-layout-flex wp-container-core-columns-is-layout-9d6595d7 wp-block-columns-is-layout-flex\">\n<div class=\"wp-block-column is-layout-flow wp-block-column-is-layout-flow\">\n<h2 class=\"wp-block-heading\">Gestion des prix de la logistique<\/h2>\n\n\n\n<p>Newsletter Octobre 2022<\/p>\n\n\n\n<figure class=\"wp-block-image size-full is-resized\"><img loading=\"lazy\" decoding=\"async\" src=\"https:\/\/agapesdebordeaux.org\/wp-content\/uploads\/2022\/10\/singe-bleue-dans-l-acireale-sicile-aux-couleurs-italiennes-de-drapeau-du-co\u0302te\u0301-utilise\u0301-par-un-fruit-et-vendeur-veg-les-rues-177730286.jpg\" alt=\"\" class=\"wp-image-11538\" style=\"width:512px;height:340px\" width=\"512\" height=\"340\" srcset=\"https:\/\/agapesdebordeaux.org\/wp-content\/uploads\/2022\/10\/singe-bleue-dans-l-acireale-sicile-aux-couleurs-italiennes-de-drapeau-du-co\u0302te\u0301-utilise\u0301-par-un-fruit-et-vendeur-veg-les-rues-177730286-300x200.jpg 300w, https:\/\/agapesdebordeaux.org\/wp-content\/uploads\/2022\/10\/singe-bleue-dans-l-acireale-sicile-aux-couleurs-italiennes-de-drapeau-du-co\u0302te\u0301-utilise\u0301-par-un-fruit-et-vendeur-veg-les-rues-177730286-768x511.jpg 768w, https:\/\/agapesdebordeaux.org\/wp-content\/uploads\/2022\/10\/singe-bleue-dans-l-acireale-sicile-aux-couleurs-italiennes-de-drapeau-du-co\u0302te\u0301-utilise\u0301-par-un-fruit-et-vendeur-veg-les-rues-177730286.jpg 800w\" sizes=\"auto, (max-width: 512px) 100vw, 512px\" \/><\/figure>\n\n\n\n<div class=\"wp-block-buttons is-layout-flex wp-block-buttons-is-layout-flex\">\n<div class=\"wp-block-button\"><a class=\"wp-block-button__link wp-element-button\" href=\"https:\/\/agapesdebordeaux.org\/?mailpoet_router&amp;endpoint=view_in_browser&amp;action=view&amp;data=WzcsImQ4M2ZiYmU4ZmVhMyIsMCwwLDQsMV0\" target=\"_blank\" rel=\"noreferrer noopener\">Lire<\/a><\/div>\n<\/div>\n<\/div>\n\n\n\n<div class=\"wp-block-column is-layout-flow wp-block-column-is-layout-flow\">\n<h2 class=\"wp-block-heading\">\u00e9t\u00e9 2023 &#8211; Il fait trop chaud !<\/h2>\n\n\n\n<p>Newsletter Ao\u00fbt 2023<\/p>\n\n\n\n<figure class=\"wp-block-image size-large\"><img loading=\"lazy\" decoding=\"async\" width=\"1024\" height=\"621\" src=\"https:\/\/agapesdebordeaux.org\/wp-content\/uploads\/2023\/08\/espagne_meteo_Aout-1024x621.jpg\" alt=\"\" class=\"wp-image-13422\" srcset=\"https:\/\/agapesdebordeaux.org\/wp-content\/uploads\/2023\/08\/espagne_meteo_Aout-1024x621.jpg 1024w, https:\/\/agapesdebordeaux.org\/wp-content\/uploads\/2023\/08\/espagne_meteo_Aout-300x182.jpg 300w, https:\/\/agapesdebordeaux.org\/wp-content\/uploads\/2023\/08\/espagne_meteo_Aout-768x465.jpg 768w, https:\/\/agapesdebordeaux.org\/wp-content\/uploads\/2023\/08\/espagne_meteo_Aout-416x252.jpg 416w, https:\/\/agapesdebordeaux.org\/wp-content\/uploads\/2023\/08\/espagne_meteo_Aout.jpg 1188w\" sizes=\"auto, (max-width: 1024px) 100vw, 1024px\" \/><\/figure>\n\n\n\n<div class=\"wp-block-buttons is-layout-flex wp-block-buttons-is-layout-flex\">\n<div class=\"wp-block-button\"><a class=\"wp-block-button__link wp-element-button\" href=\"https:\/\/agapesdebordeaux.org\/?mailpoet_router&amp;endpoint=view_in_browser&amp;action=view&amp;data=WzIzLCJhZjE0ZTM0ZmUyYmUiLDAsMCw3NywxXQ\">Lire<\/a><\/div>\n<\/div>\n<\/div>\n<\/div>\n","protected":false},"excerpt":{"rendered":"<p>Gestion des prix de la logistique Newsletter Octobre 2022 \u00e9t\u00e9 2023 &#8211; Il fait trop chaud ! Newsletter Ao\u00fbt 2023<\/p>\n","protected":false},"author":1,"featured_media":0,"parent":0,"menu_order":0,"comment_status":"closed","ping_status":"closed","template":"","meta":{"footnotes":""},"class_list":["post-13357","page","type-page","status-publish","hentry"],"_links":{"self":[{"href":"https:\/\/agapesdebordeaux.org\/index.php\/wp-json\/wp\/v2\/pages\/13357","targetHints":{"allow":["GET"]}}],"collection":[{"href":"https:\/\/agapesdebordeaux.org\/index.php\/wp-json\/wp\/v2\/pages"}],"about":[{"href":"https:\/\/agapesdebordeaux.org\/index.php\/wp-json\/wp\/v2\/types\/page"}],"author":[{"embeddable":true,"href":"https:\/\/agapesdebordeaux.org\/index.php\/wp-json\/wp\/v2\/users\/1"}],"replies":[{"embeddable":true,"href":"https:\/\/agapesdebordeaux.org\/index.php\/wp-json\/wp\/v2\/comments?post=13357"}],"version-history":[{"count":0,"href":"https:\/\/agapesdebordeaux.org\/index.php\/wp-json\/wp\/v2\/pages\/13357\/revisions"}],"wp:attachment":[{"href":"https:\/\/agapesdebordeaux.org\/index.php\/wp-json\/wp\/v2\/media?parent=13357"}],"curies":[{"name":"wp","href":"https:\/\/api.w.org\/{rel}","templated":true}]}}