{"id":13102,"date":"2018-05-22T10:07:07","date_gmt":"2018-05-22T10:07:07","guid":{"rendered":"https:\/\/uxlthemes.com\/demo\/trusted\/?page_id=3301"},"modified":"2025-05-10T16:47:41","modified_gmt":"2025-05-10T14:47:41","slug":"privacy-policy","status":"publish","type":"page","link":"https:\/\/agapesdebordeaux.org\/index.php\/privacy-policy\/","title":{"rendered":"Privacy Policy"},"content":{"rendered":"Vous devez \u00eatre connect\u00e9 pour voir ce contenu.","protected":false},"excerpt":{"rendered":"Vous devez \u00eatre connect\u00e9 pour voir ce contenu.","protected":false},"author":1,"featured_media":0,"parent":0,"menu_order":0,"comment_status":"closed","ping_status":"closed","template":"","meta":{"footnotes":""},"class_list":["post-13102","page","type-page","status-publish","hentry"],"_links":{"self":[{"href":"https:\/\/agapesdebordeaux.org\/index.php\/wp-json\/wp\/v2\/pages\/13102","targetHints":{"allow":["GET"]}}],"collection":[{"href":"https:\/\/agapesdebordeaux.org\/index.php\/wp-json\/wp\/v2\/pages"}],"about":[{"href":"https:\/\/agapesdebordeaux.org\/index.php\/wp-json\/wp\/v2\/types\/page"}],"author":[{"embeddable":true,"href":"https:\/\/agapesdebordeaux.org\/index.php\/wp-json\/wp\/v2\/users\/1"}],"replies":[{"embeddable":true,"href":"https:\/\/agapesdebordeaux.org\/index.php\/wp-json\/wp\/v2\/comments?post=13102"}],"version-history":[{"count":0,"href":"https:\/\/agapesdebordeaux.org\/index.php\/wp-json\/wp\/v2\/pages\/13102\/revisions"}],"wp:attachment":[{"href":"https:\/\/agapesdebordeaux.org\/index.php\/wp-json\/wp\/v2\/media?parent=13102"}],"curies":[{"name":"wp","href":"https:\/\/api.w.org\/{rel}","templated":true}]}}